{"id":9,"date":"2020-11-13T13:36:35","date_gmt":"2020-11-13T04:36:35","guid":{"rendered":"http:\/\/shizuoka-kaigai.com\/vietnamese\/?page_id=9"},"modified":"2024-08-21T15:37:48","modified_gmt":"2024-08-21T06:37:48","slug":"about","status":"publish","type":"page","link":"https:\/\/shizuoka-kaigai.com\/vietnamese\/about","title":{"rendered":"about Mt. FUJI EPCA"},"content":{"rendered":"\n<div class=\"aboutus vietnam\">\n<h2>Overview<\/h2>\n<div class=\"intro\">\n<h3>Mt. FUJI EPCA<\/h3>\n<div class=\"float-wrap\">\n<figure class=\"president\"><div class=\"img-wrap\"><img src=\"http:\/\/shizuoka-kaigai.com\/wp-content\/uploads\/2024\/07\/img_president.jpg\" alt=\"\"><\/div><\/figure>\n<p>N\u1eb1m ngay d\u01b0\u1edbi ch\u00e2n n\u00fai Ph\u00fa s\u0129, bi\u1ec3u t\u01b0\u1ee3ng c\u1ee7a Nh\u1eadt b\u1ea3n, t\u1ec9nh shizuoka c\u00f3 v\u1ecb tr\u00ed \u0111\u1ecba l\u00ed trung t\u00e2m \u0111\u1eafc \u0111\u1ecba,\u0111\u01b0\u1ee3c m\u1eb9  thi\u00ean nhi\u00ean ban t\u1eb7ng r\u1eebng v\u00e0ng, bi\u1ec3n b\u1ea1c t\u1ea1o n\u00ean 1 khung c\u1ea3nh thi\u00ean nhi\u00ean tuy\u1ec7t \u0111\u1eb9p v\u00e0 r\u1ea5t tr\u00f9 ph\u00fa v\u1ec1 c\u00e1c lo\u1ea1i rau c\u1ee7,tr\u00e1i c\u00e2y . C\u00e1c s\u1ea3n ph\u1ea9m \u0111\u01b0\u1ee3c s\u1ea3n xu\u1ea5t t\u1eeb nh\u1eefng nguy\u00ean li\u1ec7u t\u01b0\u01a1i ngon nh\u1ea5t c\u1ee7a n\u01a1i \u0111\u00e2y \u0111\u00e3 v\u00e0 \u0111ang c\u00f3 m\u1eb7t kh\u00f4ng ch\u1ec9 \u1edf kh\u1eafp Nh\u1eadt b\u1ea3n m\u00e0 c\u00f2n \u1edf nhi\u1ec1u n\u01b0\u1edbc tr\u00ean th\u1ebf gi\u1edbi.<\/p>\n<p>Hi\u1ec7p h\u1ed9i xu\u1ea5t kh\u1ea9u FUJISAN c\u1ee7a ch\u00fang t\u00f4i \u0111\u01b0\u1ee3c th\u00e0nh l\u1eadp v\u1edbi m\u1ee5c \u0111\u00edch \u0111\u01b0a c\u00e1c s\u1ea3n ph\u1ea9m c\u1ee7a nh\u1eadt b\u1ea3n ra kh\u1eafp th\u1ebf gi\u1edbi.\u0110\u01b0\u1ee3c h\u1ee3p th\u00e0nh t\u1eeb 6 c\u00f4ng ty v\u1edbi r\u1ea5t nhi\u1ec1u c\u00e1c m\u1eb7t h\u00e0ng, s\u1ea3n ph\u1ea9m \u0111a d\u1ea1ng kh\u00e1c nhau, ch\u00fang t\u00f4i b\u1eaft \u0111\u1ea7u b\u1eb1ng vi\u1ec7c m\u1edf c\u00e1c gian h\u00e0ng tri\u1ec3n l\u00e3m gi\u1edbi thi\u1ec7u s\u1ea3n ph\u1ea9m v\u00e0 t\u1ed5 ch\u1ee9c nhi\u1ec1u bu\u1ed5i h\u1ed9i th\u1ea3o h\u1ee3p t\u00e1c kinh t\u1ebf \u1edf c\u1ea3 trong v\u00e0 ngo\u00e0i n\u01b0\u1edbc. Hi\u1ec7p h\u1ed9i ch\u00fang t\u00f4i cam k\u1ebft cung c\u1ea5p cho qu\u00fd kh\u00e1ch hang c\u00e1c s\u1ea3n ph\u1ea9m hang \u0111\u1ea7u c\u1ee7a c\u00e1c c\u00f4ng ty t\u1ea1i Shizuoka, n\u1ed5i ti\u1ebfng nh\u01b0 tr\u00e0 xanh, wasabi(m\u00f9 t\u1ea1t), \u0111\u1ebfn c\u00e1c s\u1ea3n ph\u1ea9m t\u1eeb n\u00f4ng tr\u1ea1i b\u00f2 s\u1eefa, th\u1ee7y h\u1ea3i s\u1ea3n v\u00e0 r\u1ea5t nhi\u1ec1u c\u00e1c m\u1eb7t hang gia c\u00f4ng ch\u1ebf bi\u1ebfn s\u1eb5n \u0111a d\u1ea1ng kh\u00e1c. Hi\u1ec7p h\u1ed9i \u0111\u00e3 \u0111\u01b0\u1ee3c th\u00e0nh ph\u1ed1 shizuoka c\u00f4ng nh\u1eadn l\u00e0 ph\u00e1p nh\u00e2n h\u1ee3p ph\u00e1p n\u00ean qu\u00fd kh\u00e1ch h\u00e0ng c\u00f3 th\u1ec3 ho\u00e0n to\u00e0n an t\u00e2m \u0111\u1eb7t ni\u1ec1m tin n\u01a1i ch\u00fang t\u00f4i.<\/p>\n<\/div>\n<\/div>\n<div class=\"outline\">\n<h3>Hi\u1ec7p h\u1ed9i Mt. FUJI EPCA &#8211; c\u1ea7u n\u1ed1i v\u0103n h\u00f3a \u1ea9m th\u1ef1c Nh\u1eadt B\u1ea3n v\u00e0 Th\u1ebf Gi\u1edbi<\/h3>\n<ul class=\"outline-list\">\n<li class=\"members box\">C\u00e1c c\u00f4ng ty th\u00e0nh vi\u00ean<\/li>\n<li class=\"delivery arrow\">Giao h\u00e0ng<\/li>\n<li class=\"union box\">\n<p class=\"name\">Mt. FUJI EPCA<\/p>\n<ul class=\"item list-row\">\n<li>Ph\u00e1t tri\u1ec3n k\u00eanh b\u00e1n h\u00e0ng \u1edf n\u01b0\u1edbc ngo\u00e0i<\/li>\n<li>K\u1ebft h\u1ee3p bu\u00f4n b\u00e1n, khuy\u1ebfn m\u1ea1i<\/li>\n<li>L\u1eadp ch\u1ee9ng t\u1eeb xu\u1ea5t kh\u1ea9u<\/li>\n<li>Thanh to\u00e1n<\/li>\n<li>K\u1ebft h\u1ee3p v\u1eadn chuy\u1ec3n<\/li>\n<li>Kh\u00f3a h\u1ecdc v\u1ec1 xu\u1ea5t kh\u1ea9u<\/li>\n<\/ul>\n<\/li>\n<li>\n<ul class=\"list-row\">\n<li class=\"export arrow\">Xu\u1ea5t kh\u1ea9u<\/li>\n<li class=\"settlement arrow\">Quy\u1ebft to\u00e1n<\/li>\n<\/ul>\n<\/li>\n<li class=\"buyer box\">Kh\u00e1ch h\u00e0ng n\u01b0\u1edbc ngo\u00e0i<br>C\u00f4ng ty nh\u1eadp kh\u1ea9u<\/li>\n<li>\n<ul class=\"list-row\">\n<li class=\"shop arrow\">\n<p class=\"box\">Si\u00eau th\u1ecb<br>C\u1eeda h\u00e0ng b\u00e1n l\u1ebb<\/p>\n<\/li>\n<li class=\"shop arrow\">\n<p class=\"box\">C\u1eeda h\u00e0ng b\u00e1n bu\u00f4n<\/p>\n<\/li>\n<li class=\"shop arrow\">\n<p class=\"box\">Nh\u00e0 h\u00e0ng<br>Kh\u00e1ch s\u1ea1n<\/p>\n<\/li>\n<\/ul>\n<\/li>\n<\/ul>\n<\/div>\n<h3 class=\"tit-strengths\">C\u00e1c th\u1ebf m\u1ea1nh c\u1ee7a ch\u00fang t\u00f4i !<\/h3>\n<ul class=\"strengths\">\n<li>Th\u1ee9 1. Cung c\u1ea5p \u0111a d\u1ea1ng c\u00e1c lo\u1ea1i nguy\u00ean li\u1ec7u v\u00e0 th\u1ef1c ph\u1ea9m<\/li>\n<li>Th\u1ee9 2. H\u1ed7 tr\u1ee3 nhanh g\u1ecdn t\u1eeb kh\u00e2u k\u00fd k\u1ebft h\u1ee3p \u0111\u1ed3ng \u0111\u1ebfn c\u00e1c th\u1ee7 t\u1ee5c th\u01b0\u01a1ng m\u1ea1i<\/li>\n<li>Th\u1ee9 3. \u0110\u01a1n gi\u1ea3n h\u00f3a kh\u00e2u v\u1eadn chuy\u1ec3n v\u00e0 ph\u00e2n ph\u1ed1i, cung c\u1ea5p s\u1ea3n ph\u1ea9m v\u1edbi m\u1ee9c gi\u00e1 th\u1ea5p nh\u1ea5t<\/li>\n<\/ul>\n<h2>Association Business Activities<\/h2>\n<div class=\"initiative\">\n<dl class=\"initiative-list\">\n<dt>\uff3b Fiscal 2023 \uff3d<\/dt>\n<dd>\n<ul>\n<li>FOOD TAIPEI 2023<\/li>\n<li>13th Mail Order Food Exhibition (Tokyo)<\/li>\n<li>Great Okinawa Trade Fair 2023<\/li>\n<\/ul>\n<figure class=\"img_btm\"><img src=\"http:\/\/shizuoka-kaigai.com\/\/wp-content\/uploads\/2024\/08\/01.jpg\" alt=\"\" class=\"img01\"><img src=\"http:\/\/shizuoka-kaigai.com\/\/wp-content\/uploads\/2024\/08\/02.jpg\" alt=\"\" class=\"img02\"><\/figure>\n<\/dd>\n<dt>\uff3b Fiscal 2022 \uff3d<\/dt>\n<dd>\n<ul>\n<li>Vietnam Showroom<\/li>\n<li>Great Okinawa Trade Fair 2022<\/li>\n<\/ul>\n<figure class=\"img_btm\"><img src=\"http:\/\/shizuoka-kaigai.com\/\/wp-content\/uploads\/2024\/08\/03.jpg\" alt=\"\" class=\"img01\"><img src=\"http:\/\/shizuoka-kaigai.com\/\/wp-content\/uploads\/2024\/08\/04.jpg\" alt=\"\" class=\"img02\"><\/figure>\n<\/dd>\n<dt>\uff3b Fiscal 2021 \uff3d<\/dt>\n<dd>\n<ul>\n<li>Great Okinawa Trade Fair 2021<\/li>\n<li>COEX FOOD WEEK 2021<\/li>\n<li>FOOD TAIPEI 2021<\/li>\n<\/ul>\n<figure class=\"img_btm\"><img src=\"http:\/\/shizuoka-kaigai.com\/\/wp-content\/uploads\/2024\/08\/05.jpg\" alt=\"\" class=\"img01\"><\/figure>\n<\/dd>\n<dt>\uff3b Fiscal 2020 \uff3d<\/dt>\n<dd>\n<ul>\n<li>Great Okinawa Trade Fair 2020<\/li>\n<li>Starting the sales of the assorted package by online shopping<\/li>\n<\/ul>\n<figure class=\"img_btm\"><img src=\"http:\/\/shizuoka-kaigai.com\/\/wp-content\/uploads\/2020\/11\/giftset.jpg\" alt=\"\" class=\"img01\"><img src=\"http:\/\/shizuoka-kaigai.com\/\/wp-content\/uploads\/2020\/11\/package.jpg\" alt=\"\" class=\"img02\"><\/figure>\n<\/dd>\n<dt>\uff3b Fiscal 2019 \uff3d<\/dt>\n<dd>\n<ul>\n<li>Food Taipei 2019 (Taipei)<\/li>\n<li>Great Okinawa Trade Fair 2019<\/li>\n<li>Coex Food Week (Seoul)<\/li>\n<li>Food Exhibition in Taipei organized by Mt. FUJI EPCA<\/li>\n<li>Food Exhibition in Ho Chi Minh organized by Mt. FUJI EPCA<\/li>\n<\/ul>\n<figure class=\"img_btm\"><img src=\"http:\/\/shizuoka-kaigai.com\/\/wp-content\/uploads\/2020\/11\/img_taiwan2019_01.jpg\" alt=\"\" class=\"img01\"><img src=\"http:\/\/shizuoka-kaigai.com\/\/wp-content\/uploads\/2020\/11\/img_taiwan2019_02.jpg\" alt=\"\" class=\"img02\"><img src=\"http:\/\/shizuoka-kaigai.com\/\/wp-content\/uploads\/2020\/11\/IMG_2085-1.jpg\" alt=\"\" class=\"img03\"><img src=\"http:\/\/shizuoka-kaigai.com\/\/wp-content\/uploads\/2020\/11\/IMG_2076-1.jpg\" alt=\"\" class=\"img04\"><\/figure>\n<\/dd>\n<dt>\uff3b Fiscal 2018 \uff3d<\/dt>\n<dd><div class=\"float-wrap vn\"><figure class=\"img_r\"><img src=\"http:\/\/shizuoka-kaigai.com\/\/wp-content\/uploads\/2020\/11\/img_vietnam2018.jpg\" alt=\"\" class=\"img01\"><img src=\"http:\/\/shizuoka-kaigai.com\/\/wp-content\/uploads\/2020\/11\/2254-1.jpg\" alt=\"\" class=\"img02\"><\/figure><p>Food Exhibition in Ho Chi Minh organized by Mt. FUJI EPCA<\/p><\/div><\/dd>\n<dt>\uff3b Fiscal 2017 \uff3d<\/dt>\n<dd>\n<ul><li>Vietnam Food Expo 2017 (Ho Chi Minh)<\/li><\/ul>\n<figure class=\"img_btm\"><img src=\"http:\/\/shizuoka-kaigai.com\/\/wp-content\/uploads\/2020\/11\/img_vietnam2017.jpg\" alt=\"\" class=\"img01\"><img src=\"http:\/\/shizuoka-kaigai.com\/\/wp-content\/uploads\/2020\/11\/IMG_0939-1.jpg\" alt=\"\" class=\"img02\"><\/figure>\n<\/dd>\n<\/dl>\n<\/div>\n<h2>Movie<\/h2>\n<ul class=\"movie-list\">\n<li><iframe loading=\"lazy\" src=\"https:\/\/www.youtube.com\/embed\/-Ucmd2LzoHs\" allowfullscreen=\"allowfullscreen\" width=\"100%\" height=\"auto\" frameborder=\"0\"><\/iframe>\n<p class=\"title\">\uff3b Traditional Chinese \uff3d<\/p>\n<\/li>\n<li><iframe loading=\"lazy\" src=\"https:\/\/www.youtube.com\/embed\/IhMsl_sYuuk\" allowfullscreen=\"allowfullscreen\" width=\"100%\" height=\"auto\" frameborder=\"0\"><\/iframe>\n<p class=\"title\">\uff3b Vietnamese \uff3d<\/p>\n<\/li>\n<\/ul>\n<\/div>\n<div id=\"fb-root\"> <\/div>\n<p><script async=\"\" defer=\"\" crossorigin=\"anonymous\" src=\"https:\/\/connect.facebook.net\/ja_JP\/sdk.js#xfbml=1&amp;version=v8.0\" nonce=\"pw4oyZ8u\"><\/script><\/p>\n<div class=\"fb-wrap\">\n<div class=\"fb-page\" data-href=\"https:\/\/www.facebook.com\/fukumiai\" data-tabs=\"timeline\" data-width=\"500\" data-height=\"350\" data-small-header=\"true\" data-adapt-container-width=\"true\" data-hide-cover=\"false\" data-show-facepile=\"false\">\n<blockquote class=\"fb-xfbml-parse-ignore\" cite=\"https:\/\/www.facebook.com\/fukumiai\">\n<p><a href=\"https:\/\/www.facebook.com\/fukumiai\">Mt. FUJI EPCA \uff08\u5bcc\u58eb\u5c71\u8f38\u51fa\u7d44\u5408\uff09<\/a><\/p>\n<\/blockquote>\n<\/div>\n<\/div>\n\n\n\n<p><\/p>\n","protected":false},"excerpt":{"rendered":"<p>Overview Mt. FUJI EPCA N\u1eb1m ngay d\u01b0\u1edbi ch\u00e2n n\u00fai Ph\u00fa s\u0129, bi\u1ec3u t\u01b0\u1ee3ng c\u1ee7a Nh\u1eadt b\u1ea3n, t\u1ec9nh shizuoka c\u00f3 v\u1ecb tr\u00ed \u0111\u1ecba l\u00ed trung t\u00e2m \u0111\u1eafc \u0111\u1ecba,\u0111\u01b0\u1ee3c m\u1eb9 thi\u00ean nhi\u00ean ban t\u1eb7ng r\u1eebng v\u00e0ng, bi\u1ec3n b\u1ea1c t\u1ea1o n\u00ean 1 khung c\u1ea3nh thi\u00ean nhi\u00ean tuy\u1ec7t \u0111\u1eb9p v\u00e0 r\u1ea5t tr\u00f9 ph\u00fa v\u1ec1 c\u00e1c lo\u1ea1i rau c\u1ee7,tr\u00e1i c\u00e2y [&hellip;]<\/p>\n","protected":false},"author":1,"featured_media":0,"parent":0,"menu_order":0,"comment_status":"closed","ping_status":"closed","template":"","meta":[],"_links":{"self":[{"href":"https:\/\/shizuoka-kaigai.com\/vietnamese\/wp-json\/wp\/v2\/pages\/9"}],"collection":[{"href":"https:\/\/shizuoka-kaigai.com\/vietnamese\/wp-json\/wp\/v2\/pages"}],"about":[{"href":"https:\/\/shizuoka-kaigai.com\/vietnamese\/wp-json\/wp\/v2\/types\/page"}],"author":[{"embeddable":true,"href":"https:\/\/shizuoka-kaigai.com\/vietnamese\/wp-json\/wp\/v2\/users\/1"}],"replies":[{"embeddable":true,"href":"https:\/\/shizuoka-kaigai.com\/vietnamese\/wp-json\/wp\/v2\/comments?post=9"}],"version-history":[{"count":9,"href":"https:\/\/shizuoka-kaigai.com\/vietnamese\/wp-json\/wp\/v2\/pages\/9\/revisions"}],"predecessor-version":[{"id":72,"href":"https:\/\/shizuoka-kaigai.com\/vietnamese\/wp-json\/wp\/v2\/pages\/9\/revisions\/72"}],"wp:attachment":[{"href":"https:\/\/shizuoka-kaigai.com\/vietnamese\/wp-json\/wp\/v2\/media?parent=9"}],"curies":[{"name":"wp","href":"https:\/\/api.w.org\/{rel}","templated":true}]}}