{"id":15,"date":"2020-11-13T14:47:37","date_gmt":"2020-11-13T05:47:37","guid":{"rendered":"http:\/\/shizuoka-kaigai.com\/vietnamese\/?page_id=15"},"modified":"2020-11-27T13:29:00","modified_gmt":"2020-11-27T04:29:00","slug":"isokoma","status":"publish","type":"page","link":"https:\/\/shizuoka-kaigai.com\/vietnamese\/isokoma","title":{"rendered":"C\u00f4ng ty c\u1ed5 ph\u1ea7n Isokoma Nori"},"content":{"rendered":"\n<figure class=\"wp-block-image size-large\"><img src=\"http:\/\/shizuoka-kaigai.com\/wp-content\/uploads\/2020\/11\/\u30e9\u30c64\u7a2e_201906_\u88cf_\u82f1\u8a9e-1024x725.jpg\" alt=\"\" class=\"wp-image-500\"\/><\/figure>\n\n\n\n<p>C\u00f4ng ty c\u1ed5 ph\u1ea7n Isokoma Nori chuy\u00ean ph\u00e1t tri\u1ec3n, s\u1ea3n xu\u1ea5t v\u00e0 b\u00e1n c\u00e1c s\u1ea3n ph\u1ea9m qu\u00e0 t\u1eb7ng nh\u01b0 rong bi\u1ec3n, Furikake v\u00e0 Ochazuke. Trong s\u1ed1 c\u00e1c lo\u1ea1i Furikake th\u00ec &#8220;Sakura Ebi Furikake&#8221; r\u1ea5t \u0111\u01b0\u1ee3c \u01b0a chu\u1ed9ng v\u00ec \u0111\u01b0\u1ee3c ch\u1ebf bi\u1ebfn t\u1eeb lo\u1ea1i &#8220;Sakura Ebi&#8221; n\u1ed5i ti\u1ebfng \u0111\u00e1nh b\u1eaft t\u1eeb v\u00f9ng v\u1ecbnh Suruga t\u1ea1i \u0111\u1ecba ph\u01b0\u01a1ng v\u00e0 \u0111\u01b0\u1ee3c ch\u1ecdn t\u1eeb nh\u1eefng con c\u00f3 h\u00ecnh d\u00e1ng \u0111\u1eb9p, to, t\u1ea1o n\u00ean s\u1ea3n ph\u1ea9m r\u1ea5t \u0111\u1eb9p m\u1eaft v\u00e0 th\u01a1m ngon. Ngo\u00e0i ra, b\u1eb1ng c\u00e1ch \u00e1p d\u1ee5ng k\u1ef9 thu\u1eadt tr\u1ed9n Furikake, ch\u00fang t\u00f4i \u0111\u00e3 ph\u00e1t tri\u1ec3n th\u00eam s\u1ea3n ph\u1ea9m &#8220;Matcha latte&#8221; ho\u00e0n to\u00e0n s\u1eed d\u1ee5ng matcha c\u1ee7a Shizuoka, &#8221; khoai t\u00edm latte&#8221; gi\u00fap b\u1ea1n c\u00f3 th\u1ec3 th\u01b0\u1edfng th\u1ee9c tr\u1ecdn v\u1eb9n v\u1ecb ng\u1ecdt c\u1ee7a khoai, &#8220;d\u00e2u t\u00e2y latte&#8221; v\u1edbi v\u1ecb d\u00e2u th\u01a1m l\u1eebng v\u00e0 \u201cTr\u00e0 Houji latte\u201d t\u1eeb v\u00f9ng tr\u00e0 n\u1ed5i ti\u1ebfng Shizuoka.<\/p>\n\n\n\n<p>S\u1ea3n ph\u1ea9m c\u1ee7a ch\u00fang t\u00f4i hi\u1ec7n \u0111ang \u0111\u01b0\u1ee3c b\u00e1n t\u1ea1i c\u00e1c n\u01b0\u1edbc nh\u01b0 Dubai, Vi\u1ec7t Nam, Mauritius.<\/p>\n\n\n\n<figure class=\"wp-container-2 wp-block-gallery-1 wp-block-gallery columns-3 is-cropped\"><ul class=\"blocks-gallery-grid\"><li class=\"blocks-gallery-item\"><figure><img src=\"http:\/\/shizuoka-kaigai.com\/wp-content\/uploads\/2020\/11\/\u71211111\u984c-1024x946.jpg\" alt=\"\" data-id=\"578\" data-link=\"http:\/\/shizuoka-kaigai.com\/isokoma\/%e7%84%a11111%e9%a1%8c\" class=\"wp-image-578\"\/><\/figure><\/li><li class=\"blocks-gallery-item\"><figure><img src=\"http:\/\/shizuoka-kaigai.com\/wp-content\/uploads\/2020\/11\/\u71211111\u984c-1-1024x946.jpg\" alt=\"\" data-id=\"579\" data-full-url=\"http:\/\/shizuoka-kaigai.com\/wp-content\/uploads\/2020\/11\/\u71211111\u984c-1.jpg\" data-link=\"http:\/\/shizuoka-kaigai.com\/isokoma\/%e7%84%a11111%e9%a1%8c-1\" class=\"wp-image-579\"\/><\/figure><\/li><li class=\"blocks-gallery-item\"><figure><img src=\"http:\/\/shizuoka-kaigai.com\/wp-content\/uploads\/2020\/11\/\u7e3a\uff75\u7e67\u7feb\u00b0\u7e3a\u30fb\u7e5d\uff76\u8757\uff7dA4\u8b93\uff6a201902_\u8708\uff65\u905e\uff7f\u9015\uff68-1024x725.jpg\" alt=\"\" data-id=\"565\" data-link=\"http:\/\/shizuoka-kaigai.com\/isokoma\/%e7%b8%ba%ef%bd%b5%e7%b9%a7%e7%bf%ab%e7%b8%ba%e3%83%bb%e7%b9%9d%ef%bd%b6%e8%9d%97%ef%bd%bda4%e8%ae%93%ef%bd%aa201902_%e8%9c%88%ef%bd%a5%e9%81%9e%ef%bd%bf%e9%80%95%ef%bd%a8\" class=\"wp-image-565\"\/><\/figure><\/li><\/ul><\/figure>\n\n\n\n<div class=\"wp-block-image\"><figure class=\"aligncenter size-large\"><a href=\"http:\/\/www.isokoma.com\/\" target=\"_blank\" rel=\"noopener noreferrer\"><img loading=\"lazy\" width=\"431\" height=\"281\" src=\"http:\/\/shizuoka-kaigai.com\/vietnamese\/wp-content\/uploads\/2020\/11\/IsokomaLogo_1436_936-3.jpg\" alt=\"\" class=\"wp-image-62\" srcset=\"https:\/\/shizuoka-kaigai.com\/vietnamese\/wp-content\/uploads\/2020\/11\/IsokomaLogo_1436_936-3.jpg 431w, https:\/\/shizuoka-kaigai.com\/vietnamese\/wp-content\/uploads\/2020\/11\/IsokomaLogo_1436_936-3-300x196.jpg 300w\" sizes=\"(max-width: 431px) 100vw, 431px\" \/><\/a><figcaption><br><strong>Official homepage<\/strong><\/figcaption><\/figure><\/div>\n\n\n\n<p><\/p>\n","protected":false},"excerpt":{"rendered":"<p>C\u00f4ng ty c\u1ed5 ph\u1ea7n Isokoma Nori chuy\u00ean ph\u00e1t tri\u1ec3n, s\u1ea3n xu\u1ea5t v\u00e0 b\u00e1n c\u00e1c s\u1ea3n ph\u1ea9m qu\u00e0 t\u1eb7ng nh\u01b0 rong bi\u1ec3n, Furikake v\u00e0 Ochazuke. Trong s\u1ed1 c\u00e1c lo\u1ea1i Furikake th\u00ec &#8220;Sakura Ebi Furikake&#8221; r\u1ea5t \u0111\u01b0\u1ee3c \u01b0a chu\u1ed9ng v\u00ec \u0111\u01b0\u1ee3c ch\u1ebf bi\u1ebfn t\u1eeb lo\u1ea1i &#8220;Sakura Ebi&#8221; n\u1ed5i ti\u1ebfng \u0111\u00e1nh b\u1eaft t\u1eeb v\u00f9ng v\u1ecbnh Suruga t\u1ea1i \u0111\u1ecba [&hellip;]<\/p>\n","protected":false},"author":1,"featured_media":0,"parent":0,"menu_order":0,"comment_status":"closed","ping_status":"closed","template":"","meta":[],"_links":{"self":[{"href":"https:\/\/shizuoka-kaigai.com\/vietnamese\/wp-json\/wp\/v2\/pages\/15"}],"collection":[{"href":"https:\/\/shizuoka-kaigai.com\/vietnamese\/wp-json\/wp\/v2\/pages"}],"about":[{"href":"https:\/\/shizuoka-kaigai.com\/vietnamese\/wp-json\/wp\/v2\/types\/page"}],"author":[{"embeddable":true,"href":"https:\/\/shizuoka-kaigai.com\/vietnamese\/wp-json\/wp\/v2\/users\/1"}],"replies":[{"embeddable":true,"href":"https:\/\/shizuoka-kaigai.com\/vietnamese\/wp-json\/wp\/v2\/comments?post=15"}],"version-history":[{"count":4,"href":"https:\/\/shizuoka-kaigai.com\/vietnamese\/wp-json\/wp\/v2\/pages\/15\/revisions"}],"predecessor-version":[{"id":63,"href":"https:\/\/shizuoka-kaigai.com\/vietnamese\/wp-json\/wp\/v2\/pages\/15\/revisions\/63"}],"wp:attachment":[{"href":"https:\/\/shizuoka-kaigai.com\/vietnamese\/wp-json\/wp\/v2\/media?parent=15"}],"curies":[{"name":"wp","href":"https:\/\/api.w.org\/{rel}","templated":true}]}}